{"id":117,"date":"2020-05-14T15:51:57","date_gmt":"2020-05-14T13:51:57","guid":{"rendered":"http:\/\/a.tcbwcalw.de\/?page_id=117"},"modified":"2025-10-29T09:31:50","modified_gmt":"2025-10-29T08:31:50","slug":"tennishalle","status":"publish","type":"page","link":"https:\/\/tcbwcalw.de\/?page_id=117","title":{"rendered":"Tennishalle"},"content":{"rendered":"<div class=\"wp-block-image\">\n<figure class=\"alignright size-large is-resized\"><img loading=\"lazy\" decoding=\"async\" width=\"700\" height=\"525\" src=\"https:\/\/tcbwcalw.de\/wp-content\/uploads\/2025\/10\/IMG-20251010-WA0040-700x525.jpg\" alt=\"\" class=\"wp-image-2104\" style=\"width:322px;height:auto\" srcset=\"https:\/\/tcbwcalw.de\/wp-content\/uploads\/2025\/10\/IMG-20251010-WA0040-700x525.jpg 700w, https:\/\/tcbwcalw.de\/wp-content\/uploads\/2025\/10\/IMG-20251010-WA0040-300x225.jpg 300w, https:\/\/tcbwcalw.de\/wp-content\/uploads\/2025\/10\/IMG-20251010-WA0040-768x576.jpg 768w, https:\/\/tcbwcalw.de\/wp-content\/uploads\/2025\/10\/IMG-20251010-WA0040-1536x1152.jpg 1536w, https:\/\/tcbwcalw.de\/wp-content\/uploads\/2025\/10\/IMG-20251010-WA0040-1140x855.jpg 1140w, https:\/\/tcbwcalw.de\/wp-content\/uploads\/2025\/10\/IMG-20251010-WA0040.jpg 1600w\" sizes=\"auto, (max-width: 700px) 100vw, 700px\" \/><\/figure>\n<\/div>\n\n\n<p>Unsere Halle steht unseren Mitgliedern und auch Nichtmitgliedern im Winter zur Verf\u00fcgung.<\/p>\n\n\n\n<p>ACHTUNG: F\u00fcr den Eintritt in die Halle ist ein Schl\u00fcssel&nbsp;erforderlich!<br>Nichtmitglieder setzen sich zur Absprache bitte vor der Buchung mit dem <a href=\"https:\/\/tcbwcalw.de\/vorstand\/\" data-type=\"page\" data-id=\"8\">Hallenwart <\/a>in Verbindung!<\/p>\n\n\n\n<p class=\"has-vivid-red-color has-text-color\">Zur Platzbuchung: <a href=\"http:\/\/www.tennisclubcalw.de\" data-type=\"URL\" data-id=\"www.tennisclubcalw.de\">www.tennisclubcalw.de<\/a><\/p>\n\n\n\n<p><a href=\"https:\/\/tcbwcalw.de\/wp-content\/uploads\/2024\/09\/Preisliste-Tennishalle-ab-10-23.pdf\" data-type=\"attachment\" data-id=\"1852\" target=\"_blank\" rel=\"noreferrer noopener\">Hier gibt es die aktuelle Preisliste als PDF<\/a><\/p>\n\n\n\n<p><\/p>\n\n\n\n<p><\/p>\n\n\n\n<p><\/p>\n","protected":false},"excerpt":{"rendered":"<p>Unsere Halle steht unseren Mitgliedern und auch Nichtmitgliedern im Winter zur Verf\u00fcgung. ACHTUNG: F\u00fcr den Eintritt in die Halle ist ein Schl\u00fcssel&nbsp;erforderlich!Nichtmitglieder setzen sich zur Absprache bitte vor der Buchung mit dem Hallenwart in Verbindung! Zur Platzbuchung: www.tennisclubcalw.de Hier gibt es die aktuelle Preisliste als PDF<\/p>\n","protected":false},"author":1,"featured_media":0,"parent":0,"menu_order":0,"comment_status":"closed","ping_status":"closed","template":"","meta":{"footnotes":""},"class_list":["post-117","page","type-page","status-publish","hentry"],"_links":{"self":[{"href":"https:\/\/tcbwcalw.de\/index.php?rest_route=\/wp\/v2\/pages\/117","targetHints":{"allow":["GET"]}}],"collection":[{"href":"https:\/\/tcbwcalw.de\/index.php?rest_route=\/wp\/v2\/pages"}],"about":[{"href":"https:\/\/tcbwcalw.de\/index.php?rest_route=\/wp\/v2\/types\/page"}],"author":[{"embeddable":true,"href":"https:\/\/tcbwcalw.de\/index.php?rest_route=\/wp\/v2\/users\/1"}],"replies":[{"embeddable":true,"href":"https:\/\/tcbwcalw.de\/index.php?rest_route=%2Fwp%2Fv2%2Fcomments&post=117"}],"version-history":[{"count":6,"href":"https:\/\/tcbwcalw.de\/index.php?rest_route=\/wp\/v2\/pages\/117\/revisions"}],"predecessor-version":[{"id":2105,"href":"https:\/\/tcbwcalw.de\/index.php?rest_route=\/wp\/v2\/pages\/117\/revisions\/2105"}],"wp:attachment":[{"href":"https:\/\/tcbwcalw.de\/index.php?rest_route=%2Fwp%2Fv2%2Fmedia&parent=117"}],"curies":[{"name":"wp","href":"https:\/\/api.w.org\/{rel}","templated":true}]}}