{"id":1719,"date":"2024-05-02T09:50:36","date_gmt":"2024-05-02T07:50:36","guid":{"rendered":"https:\/\/tcbwcalw.de\/?page_id=1719"},"modified":"2025-03-23T17:57:38","modified_gmt":"2025-03-23T16:57:38","slug":"beitraege","status":"publish","type":"page","link":"https:\/\/tcbwcalw.de\/?page_id=1719","title":{"rendered":"Beitr\u00e4ge"},"content":{"rendered":"\n<figure class=\"wp-block-table aligncenter\"><table class=\"has-background has-fixed-layout\" style=\"background-color:#e9fbe5\"><tbody><tr><td class=\"has-text-align-left\" data-align=\"left\"><span class=\"has-inline-color has-vivid-red-color\">Beitragsgruppe<\/span><\/td><td class=\"has-text-align-center\" data-align=\"center\"><strong><span class=\"has-inline-color has-vivid-red-color\">\u20ac<\/span><\/strong><\/td><\/tr><tr><td class=\"has-text-align-left\" data-align=\"left\">1. Familienmitglied ab 20 Jahre <\/td><td class=\"has-text-align-center\" data-align=\"center\">210,00<\/td><\/tr><tr><td class=\"has-text-align-left\" data-align=\"left\">2. Familienmitglied ab 20 Jahre<\/td><td class=\"has-text-align-center\" data-align=\"center\">170,00<\/td><\/tr><tr><td class=\"has-text-align-left\" data-align=\"left\">Kinder bis 10 Jahre<\/td><td class=\"has-text-align-center\" data-align=\"center\">30,00<\/td><\/tr><tr><td class=\"has-text-align-left\" data-align=\"left\">Jugendliche (11-19)<\/td><td class=\"has-text-align-center\" data-align=\"center\">56,00<\/td><\/tr><tr><td class=\"has-text-align-left\" data-align=\"left\">Jugendliche in Ausbildung (20-28)<\/td><td class=\"has-text-align-center\" data-align=\"center\">100,00<\/td><\/tr><tr><td class=\"has-text-align-left\" data-align=\"left\">Familienbeitrag<br>(beide Eltern mit Kindern bis 19 Jahre)<\/td><td class=\"has-text-align-center\" data-align=\"center\">430,00<\/td><\/tr><tr><td class=\"has-text-align-left\" data-align=\"left\">Passive Mitglieder ohne Spielberechtigung<\/td><td class=\"has-text-align-center\" data-align=\"center\">55,00<\/td><\/tr><tr><td class=\"has-text-align-left\" data-align=\"left\">Ersatzleistungen f\u00fcr nicht geleisteten<br>Arbeitsdienst f\u00fcr aktive Mitglieder<br>zwischen 16 und 70 Jahren<\/td><td class=\"has-text-align-center\" data-align=\"center\">100,00<\/td><\/tr><tr><td class=\"has-text-align-left\" data-align=\"left\"><a href=\"https:\/\/tcbwcalw.de\/gastspieler\/\">Gastspieler<\/a><\/td><td class=\"has-text-align-center\" data-align=\"center\">10,00<\/td><\/tr><tr><td class=\"has-text-align-left\" data-align=\"left\">Schnupperabo f\u00fcr eine Saison<\/td><td class=\"has-text-align-center\" data-align=\"center\">70,00<\/td><\/tr><\/tbody><\/table><\/figure>\n","protected":false},"excerpt":{"rendered":"<p>Beitragsgruppe \u20ac 1. Familienmitglied ab 20 Jahre 210,00 2. Familienmitglied ab 20 Jahre 170,00 Kinder bis 10 Jahre 30,00 Jugendliche (11-19) 56,00 Jugendliche in Ausbildung (20-28) 100,00 Familienbeitrag(beide Eltern mit Kindern bis 19 Jahre) 430,00 Passive Mitglieder ohne Spielberechtigung 55,00 Ersatzleistungen f\u00fcr nicht geleistetenArbeitsdienst f\u00fcr aktive Mitgliederzwischen 16 und 70 Jahren 100,00 Gastspieler 10,00 Schnupperabo f\u00fcr eine Saison 70,00<\/p>\n","protected":false},"author":5,"featured_media":0,"parent":0,"menu_order":0,"comment_status":"closed","ping_status":"closed","template":"","meta":{"footnotes":""},"class_list":["post-1719","page","type-page","status-publish","hentry"],"_links":{"self":[{"href":"https:\/\/tcbwcalw.de\/index.php?rest_route=\/wp\/v2\/pages\/1719","targetHints":{"allow":["GET"]}}],"collection":[{"href":"https:\/\/tcbwcalw.de\/index.php?rest_route=\/wp\/v2\/pages"}],"about":[{"href":"https:\/\/tcbwcalw.de\/index.php?rest_route=\/wp\/v2\/types\/page"}],"author":[{"embeddable":true,"href":"https:\/\/tcbwcalw.de\/index.php?rest_route=\/wp\/v2\/users\/5"}],"replies":[{"embeddable":true,"href":"https:\/\/tcbwcalw.de\/index.php?rest_route=%2Fwp%2Fv2%2Fcomments&post=1719"}],"version-history":[{"count":5,"href":"https:\/\/tcbwcalw.de\/index.php?rest_route=\/wp\/v2\/pages\/1719\/revisions"}],"predecessor-version":[{"id":2050,"href":"https:\/\/tcbwcalw.de\/index.php?rest_route=\/wp\/v2\/pages\/1719\/revisions\/2050"}],"wp:attachment":[{"href":"https:\/\/tcbwcalw.de\/index.php?rest_route=%2Fwp%2Fv2%2Fmedia&parent=1719"}],"curies":[{"name":"wp","href":"https:\/\/api.w.org\/{rel}","templated":true}]}}