{"id":172,"date":"2020-05-24T12:36:28","date_gmt":"2020-05-24T10:36:28","guid":{"rendered":"https:\/\/tcbwcalw.de\/?page_id=172"},"modified":"2024-06-14T11:21:55","modified_gmt":"2024-06-14T09:21:55","slug":"ueber-den-verein","status":"publish","type":"page","link":"https:\/\/tcbwcalw.de\/?page_id=172","title":{"rendered":"\u00dcber den Verein"},"content":{"rendered":"\n<p>Der&nbsp;TC Blau-Wei\u00df Calw besteht seit 1946 und hat seine wundersch\u00f6ne Anlage am Sch\u00fctzenhaus in Calw. Mit 8 Freipl\u00e4tzen, einem Kleinfeldplatz und einer Einfeldhalle ist es der gr\u00f6\u00dfte Tennisclub im Umkreis. Die \u00fcber 200 Mitglieder haben zu jeder Zeit gute M\u00f6glichkeiten ihren sch\u00f6nen Sport auszu\u00fcben. Unser voll ausgestattetes <a href=\"https:\/\/tcbwcalw.de\/clubhaus\/\">Clubhaus<\/a> mit K\u00fcche und Zapfanlage, sowie die gro\u00dfe Terrasse mit Blick \u00fcber Calw l\u00e4dt nach dem Training zum gem\u00fctlichen Zusammensein ein.<\/p>\n\n\n\n<p>An den Verbandsspielen des W\u00fcrttembergischen Tennis-Bundes nehmen wir mit Mannschaften aller Altersklassen teil. Aktuelle Informationen dazu finden Sie unter dem Men\u00fcpunkt <a href=\"https:\/\/tcbwcalw.de\/mannschaftsspiele\/\" data-type=\"page\" data-id=\"194\">Mannschaften<\/a>.<\/p>\n\n\n\n<p>Kinder und Erwachsene haben die M\u00f6glichkeit, bei unseren professionellen <a href=\"https:\/\/tcbwcalw.de\/trainer\/\">Trainern<\/a>, ihr K\u00f6nnen zu verbessern. Ein H\u00f6hepunkt f\u00fcr unsere J\u00fcngsten ist das allj\u00e4hrlich stattfindende Sommerferiencamp.<\/p>\n\n\n\n<p>Eine Reihe von offenen Jugend \u2013 und Seniorenturnieren im Leistungs- sowie Hobbybereich machen den Club weit \u00fcber die Grenzen Calws bekannt. Viele Spielerinnen und Spieler aus nah und fern kommen immer wieder gerne zu uns auf die Anlage.<\/p>\n\n\n\n<p>Auch der gesellschaftliche Bereich kommt f\u00fcr unsere Mitglieder und deren G\u00e4ste nicht zu kurz. Neben allj\u00e4hrlicher Saisoner\u00f6ffnungs- und Saisonabschlussfeiern finden Radtouren, Flutlichtturniere, Sommerfeste, Weihnachtsfeiern und vieles mehr statt.<\/p>\n","protected":false},"excerpt":{"rendered":"<p>Der&nbsp;TC Blau-Wei\u00df Calw besteht seit 1946 und hat seine wundersch\u00f6ne Anlage am Sch\u00fctzenhaus in Calw. Mit 8 Freipl\u00e4tzen, einem Kleinfeldplatz und einer Einfeldhalle ist es der gr\u00f6\u00dfte Tennisclub im Umkreis. Die \u00fcber 200 Mitglieder haben zu jeder Zeit gute M\u00f6glichkeiten ihren sch\u00f6nen Sport auszu\u00fcben. Unser voll ausgestattetes Clubhaus mit K\u00fcche und Zapfanlage, sowie die gro\u00dfe Terrasse mit Blick \u00fcber Calw l\u00e4dt nach dem Training zum gem\u00fctlichen Zusammensein ein. An den Verbandsspielen des W\u00fcrttembergischen Tennis-Bundes nehmen wir mit Mannschaften aller Altersklassen teil. Aktuelle Informationen dazu finden Sie unter dem Men\u00fcpunkt Mannschaften. Kinder und Erwachsene haben die M\u00f6glichkeit, bei unseren professionellen Trainern, ihr K\u00f6nnen zu verbessern. Ein H\u00f6hepunkt f\u00fcr unsere J\u00fcngsten ist das allj\u00e4hrlich stattfindende Sommerferiencamp. Eine Reihe von offenen Jugend \u2013 und Seniorenturnieren im Leistungs- sowie Hobbybereich machen den Club weit \u00fcber die Grenzen Calws bekannt. Viele Spielerinnen und Spieler aus nah und fern kommen immer wieder gerne zu uns auf die Anlage. Auch der gesellschaftliche Bereich kommt f\u00fcr unsere Mitglieder und deren G\u00e4ste nicht zu kurz. Neben allj\u00e4hrlicher Saisoner\u00f6ffnungs- und Saisonabschlussfeiern finden Radtouren, Flutlichtturniere, Sommerfeste, Weihnachtsfeiern und vieles mehr statt.<\/p>\n","protected":false},"author":2,"featured_media":0,"parent":0,"menu_order":0,"comment_status":"closed","ping_status":"closed","template":"","meta":{"footnotes":""},"class_list":["post-172","page","type-page","status-publish","hentry"],"_links":{"self":[{"href":"https:\/\/tcbwcalw.de\/index.php?rest_route=\/wp\/v2\/pages\/172","targetHints":{"allow":["GET"]}}],"collection":[{"href":"https:\/\/tcbwcalw.de\/index.php?rest_route=\/wp\/v2\/pages"}],"about":[{"href":"https:\/\/tcbwcalw.de\/index.php?rest_route=\/wp\/v2\/types\/page"}],"author":[{"embeddable":true,"href":"https:\/\/tcbwcalw.de\/index.php?rest_route=\/wp\/v2\/users\/2"}],"replies":[{"embeddable":true,"href":"https:\/\/tcbwcalw.de\/index.php?rest_route=%2Fwp%2Fv2%2Fcomments&post=172"}],"version-history":[{"count":5,"href":"https:\/\/tcbwcalw.de\/index.php?rest_route=\/wp\/v2\/pages\/172\/revisions"}],"predecessor-version":[{"id":1781,"href":"https:\/\/tcbwcalw.de\/index.php?rest_route=\/wp\/v2\/pages\/172\/revisions\/1781"}],"wp:attachment":[{"href":"https:\/\/tcbwcalw.de\/index.php?rest_route=%2Fwp%2Fv2%2Fmedia&parent=172"}],"curies":[{"name":"wp","href":"https:\/\/api.w.org\/{rel}","templated":true}]}}