{"id":182,"date":"2020-05-24T12:37:44","date_gmt":"2020-05-24T10:37:44","guid":{"rendered":"https:\/\/tcbwcalw.de\/?page_id=182"},"modified":"2025-03-23T18:03:54","modified_gmt":"2025-03-23T17:03:54","slug":"gastspieler","status":"publish","type":"page","link":"https:\/\/tcbwcalw.de\/?page_id=182","title":{"rendered":"Gastspieler"},"content":{"rendered":"\n<p>G\u00e4ste sind beim TC Blau-Wei\u00df herzlich willkommen. Seien es Freunde oder Bekannte von Clubmitgliedern, Interessenten, die unseren Club kennen lernen m\u00f6chten oder auch Ferieng\u00e4ste aus der Region Calw. Sie alle k\u00f6nnen gerne gelegentlich auf unseren Pl\u00e4tzen  spielen.<\/p>\n\n\n\n<p>Pro Stunde zahlt ein Gast 10,00 \u20ac. Jeder Gast kann 5 mal in der Saison bei uns spielen.<\/p>\n\n\n\n<p>Im Vorraum zu den Umkleidekabinen h\u00e4ngt eine Liste und ein Briefkasten mit Briefumschl\u00e4gen. Das Gastgeld wird in einen Briefumschlag gesteckt, mit dem Namen des Gastes versehen und in den Briefkasten geworfen. In die Liste wird bitte der Name des Gastes, Tag und Uhrzeit eingetragen.<\/p>\n\n\n\n<p><\/p>\n\n\n\n<p><\/p>\n","protected":false},"excerpt":{"rendered":"<p>G\u00e4ste sind beim TC Blau-Wei\u00df herzlich willkommen. Seien es Freunde oder Bekannte von Clubmitgliedern, Interessenten, die unseren Club kennen lernen m\u00f6chten oder auch Ferieng\u00e4ste aus der Region Calw. Sie alle k\u00f6nnen gerne gelegentlich auf unseren Pl\u00e4tzen spielen. Pro Stunde zahlt ein Gast 10,00 \u20ac. Jeder Gast kann 5 mal in der Saison bei uns spielen. Im Vorraum zu den Umkleidekabinen h\u00e4ngt eine Liste und ein Briefkasten mit Briefumschl\u00e4gen. Das Gastgeld wird in einen Briefumschlag gesteckt, mit dem Namen des Gastes versehen und in den Briefkasten geworfen. In die Liste wird bitte der Name des Gastes, Tag und Uhrzeit eingetragen.<\/p>\n","protected":false},"author":2,"featured_media":0,"parent":0,"menu_order":0,"comment_status":"closed","ping_status":"closed","template":"","meta":{"footnotes":""},"class_list":["post-182","page","type-page","status-publish","hentry"],"_links":{"self":[{"href":"https:\/\/tcbwcalw.de\/index.php?rest_route=\/wp\/v2\/pages\/182","targetHints":{"allow":["GET"]}}],"collection":[{"href":"https:\/\/tcbwcalw.de\/index.php?rest_route=\/wp\/v2\/pages"}],"about":[{"href":"https:\/\/tcbwcalw.de\/index.php?rest_route=\/wp\/v2\/types\/page"}],"author":[{"embeddable":true,"href":"https:\/\/tcbwcalw.de\/index.php?rest_route=\/wp\/v2\/users\/2"}],"replies":[{"embeddable":true,"href":"https:\/\/tcbwcalw.de\/index.php?rest_route=%2Fwp%2Fv2%2Fcomments&post=182"}],"version-history":[{"count":4,"href":"https:\/\/tcbwcalw.de\/index.php?rest_route=\/wp\/v2\/pages\/182\/revisions"}],"predecessor-version":[{"id":1873,"href":"https:\/\/tcbwcalw.de\/index.php?rest_route=\/wp\/v2\/pages\/182\/revisions\/1873"}],"wp:attachment":[{"href":"https:\/\/tcbwcalw.de\/index.php?rest_route=%2Fwp%2Fv2%2Fmedia&parent=182"}],"curies":[{"name":"wp","href":"https:\/\/api.w.org\/{rel}","templated":true}]}}