{"id":190,"date":"2020-05-24T12:41:09","date_gmt":"2020-05-24T10:41:09","guid":{"rendered":"https:\/\/tcbwcalw.de\/?page_id=190"},"modified":"2025-03-23T17:53:43","modified_gmt":"2025-03-23T16:53:43","slug":"jugend","status":"publish","type":"page","link":"https:\/\/tcbwcalw.de\/?page_id=190","title":{"rendered":"Jugend"},"content":{"rendered":"\n<h2 class=\"wp-block-heading has-text-align-center\">Allgemeines zur Jugendarbeit<\/h2>\n\n\n<div class=\"wp-block-image is-style-rounded\">\n<figure class=\"alignleft size-full is-resized\"><img loading=\"lazy\" decoding=\"async\" width=\"409\" height=\"409\" src=\"https:\/\/tcbwcalw.de\/wp-content\/uploads\/2022\/05\/Bild2-1.png\" alt=\"\" class=\"wp-image-1092\" style=\"width:338px;height:338px\" srcset=\"https:\/\/tcbwcalw.de\/wp-content\/uploads\/2022\/05\/Bild2-1.png 409w, https:\/\/tcbwcalw.de\/wp-content\/uploads\/2022\/05\/Bild2-1-300x300.png 300w, https:\/\/tcbwcalw.de\/wp-content\/uploads\/2022\/05\/Bild2-1-150x150.png 150w, https:\/\/tcbwcalw.de\/wp-content\/uploads\/2022\/05\/Bild2-1-75x75.png 75w\" sizes=\"auto, (max-width: 409px) 100vw, 409px\" \/><\/figure>\n<\/div>\n\n\n<p>Jugendarbeit nimmt beim TC Blau-Wei\u00df Calw wieder Fahrt auf!<br>Gemeinsam mit unserem Chef-Trainer <a href=\"https:\/\/tcbwcalw.de\/goran-gulin\/\" data-type=\"page\" data-id=\"943\">Goran<\/a> und unserem Athletik- und Fitnesstrainer <a href=\"https:\/\/tcbwcalw.de\/ivan-milicevic\/\" data-type=\"page\" data-id=\"929\">Ivan <\/a>haben wir Rahmenbedingungen geschaffen, um den Kindern und Jugendlichen den Einstieg in den Tennissport so leicht wie m\u00f6glich zu machen und auch diejenigen zu f\u00f6rdern, die aktiv an der Verbandsrunde teilnehmen. Ebenso sollen talentierte Jugendliche an den Leistungssport herangef\u00fchrt werden.<\/p>\n\n\n\n<p><br>Unser ehrgeiziges Ziel ist es, m\u00f6glichst viele Kinder an den Tennissport heranzuf\u00fchren und sie sportlich als auch emotional an den Verein zu binden. Nat\u00fcrlich auch mit dem Ziel m\u00f6glichst viele interessierte Jugendliche zu uns nach Calw zu holen und mittelfristig wieder in allen Altersklassen Mannschaften in die Verbandsrunde schicken zu k\u00f6nnen.<br>Wir verfolgen nat\u00fcrlich auch das Ziel, die Jugendlichen an die aktive Herren- und Damenmannschaften heranzuf\u00fchren&#8230;<\/p>\n\n\n\n<p><a rel=\"noreferrer noopener\" href=\"https:\/\/tcbwcalw.de\/mannschaftsspiele\/\" target=\"_blank\">Hier geht es zu unseren Jugendmannschaften<\/a><\/p>\n\n\n\n<p><br>In den Ferien werden regelm\u00e4\u00dfig Tenniscamps und Intensivwochen angebeoten.<\/p>\n\n\n\n<p>Wir werden versuchen auch neben dem Platz f\u00fcr etwas Abwechslung zu sorgen. So werden wir Ausfl\u00fcge und\/oder Aktivit\u00e4ten auf unserer Anlage anbieten, bei denen neben dem Tennis vor allem der Spa\u00df im Vordergrund stehen soll.<\/p>\n\n\n\n<p>Clubmeisterschaften und andere interne Turniere finden j\u00e4hrlich stattfinden.<\/p>\n\n\n\n<hr class=\"wp-block-separator has-alpha-channel-opacity\"\/>\n\n\n\n<p>Unser Verein hat ein eigenes F\u00f6rderkonzept f\u00fcr die Jugend entwickelt. Mehr dazu auf R\u00fcckfrage beim <a href=\"https:\/\/tcbwcalw.de\/vorstand\/\" data-type=\"page\" data-id=\"8\">Jugendteam<\/a>.<\/p>\n\n\n\n<div data-wp-interactive=\"core\/file\" class=\"wp-block-file\"><object data-wp-bind--hidden=\"!state.hasPdfPreview\" hidden class=\"wp-block-file__embed\" data=\"https:\/\/tcbwcalw.de\/wp-content\/uploads\/2025\/03\/Jugendfoerderantrag-2025.pdf\" type=\"application\/pdf\" style=\"width:100%;height:600px\" aria-label=\"Einbettung von Jugendf\u00f6rderantrag 2025.\"><\/object><a id=\"wp-block-file--media-d13696aa-de32-46e5-9164-a4e7b7a86540\" href=\"https:\/\/tcbwcalw.de\/wp-content\/uploads\/2025\/03\/Jugendfoerderantrag-2025.pdf\">Jugendf\u00f6rderantrag 2025<\/a><a href=\"https:\/\/tcbwcalw.de\/wp-content\/uploads\/2025\/03\/Jugendfoerderantrag-2025.pdf\" class=\"wp-block-file__button wp-element-button\" download aria-describedby=\"wp-block-file--media-d13696aa-de32-46e5-9164-a4e7b7a86540\">Herunterladen<\/a><\/div>\n\n\n\n<p><br><\/p>\n\n\n\n<hr class=\"wp-block-separator has-alpha-channel-opacity\"\/>\n\n\n\n<h2 class=\"wp-block-heading has-text-align-center\">Impressionen 2024<\/h2>\n\n\n\n<figure class=\"wp-block-gallery has-nested-images columns-default is-cropped wp-block-gallery-1 is-layout-flex wp-block-gallery-is-layout-flex\">\n<figure class=\"wp-block-image size-large\"><img loading=\"lazy\" decoding=\"async\" width=\"700\" height=\"700\" data-id=\"2041\" src=\"https:\/\/tcbwcalw.de\/wp-content\/uploads\/2025\/03\/20240727_165119-700x700.jpg\" alt=\"\" class=\"wp-image-2041\" srcset=\"https:\/\/tcbwcalw.de\/wp-content\/uploads\/2025\/03\/20240727_165119-700x700.jpg 700w, https:\/\/tcbwcalw.de\/wp-content\/uploads\/2025\/03\/20240727_165119-300x300.jpg 300w, https:\/\/tcbwcalw.de\/wp-content\/uploads\/2025\/03\/20240727_165119-150x150.jpg 150w, https:\/\/tcbwcalw.de\/wp-content\/uploads\/2025\/03\/20240727_165119-768x768.jpg 768w, https:\/\/tcbwcalw.de\/wp-content\/uploads\/2025\/03\/20240727_165119-1536x1536.jpg 1536w, https:\/\/tcbwcalw.de\/wp-content\/uploads\/2025\/03\/20240727_165119-2048x2048.jpg 2048w, https:\/\/tcbwcalw.de\/wp-content\/uploads\/2025\/03\/20240727_165119-1140x1140.jpg 1140w, https:\/\/tcbwcalw.de\/wp-content\/uploads\/2025\/03\/20240727_165119-75x75.jpg 75w\" sizes=\"auto, (max-width: 700px) 100vw, 700px\" \/><\/figure>\n\n\n\n<figure class=\"wp-block-image size-large\"><img loading=\"lazy\" decoding=\"async\" width=\"700\" height=\"700\" data-id=\"2043\" src=\"https:\/\/tcbwcalw.de\/wp-content\/uploads\/2025\/03\/20240728_101540-700x700.jpg\" alt=\"\" class=\"wp-image-2043\" srcset=\"https:\/\/tcbwcalw.de\/wp-content\/uploads\/2025\/03\/20240728_101540-700x700.jpg 700w, https:\/\/tcbwcalw.de\/wp-content\/uploads\/2025\/03\/20240728_101540-300x300.jpg 300w, https:\/\/tcbwcalw.de\/wp-content\/uploads\/2025\/03\/20240728_101540-150x150.jpg 150w, https:\/\/tcbwcalw.de\/wp-content\/uploads\/2025\/03\/20240728_101540-768x768.jpg 768w, https:\/\/tcbwcalw.de\/wp-content\/uploads\/2025\/03\/20240728_101540-1536x1536.jpg 1536w, https:\/\/tcbwcalw.de\/wp-content\/uploads\/2025\/03\/20240728_101540-2048x2048.jpg 2048w, https:\/\/tcbwcalw.de\/wp-content\/uploads\/2025\/03\/20240728_101540-1140x1140.jpg 1140w, https:\/\/tcbwcalw.de\/wp-content\/uploads\/2025\/03\/20240728_101540-75x75.jpg 75w\" sizes=\"auto, (max-width: 700px) 100vw, 700px\" \/><\/figure>\n\n\n\n<figure class=\"wp-block-image size-large\"><img loading=\"lazy\" decoding=\"async\" width=\"700\" height=\"700\" data-id=\"2040\" src=\"https:\/\/tcbwcalw.de\/wp-content\/uploads\/2025\/03\/20240728_132947-700x700.jpg\" alt=\"\" class=\"wp-image-2040\" srcset=\"https:\/\/tcbwcalw.de\/wp-content\/uploads\/2025\/03\/20240728_132947-700x700.jpg 700w, https:\/\/tcbwcalw.de\/wp-content\/uploads\/2025\/03\/20240728_132947-300x300.jpg 300w, https:\/\/tcbwcalw.de\/wp-content\/uploads\/2025\/03\/20240728_132947-150x150.jpg 150w, https:\/\/tcbwcalw.de\/wp-content\/uploads\/2025\/03\/20240728_132947-768x768.jpg 768w, https:\/\/tcbwcalw.de\/wp-content\/uploads\/2025\/03\/20240728_132947-1536x1536.jpg 1536w, https:\/\/tcbwcalw.de\/wp-content\/uploads\/2025\/03\/20240728_132947-2048x2048.jpg 2048w, https:\/\/tcbwcalw.de\/wp-content\/uploads\/2025\/03\/20240728_132947-1140x1140.jpg 1140w, https:\/\/tcbwcalw.de\/wp-content\/uploads\/2025\/03\/20240728_132947-75x75.jpg 75w\" sizes=\"auto, (max-width: 700px) 100vw, 700px\" \/><\/figure>\n\n\n\n<figure class=\"wp-block-image size-large\"><img loading=\"lazy\" decoding=\"async\" width=\"700\" height=\"700\" data-id=\"2042\" src=\"https:\/\/tcbwcalw.de\/wp-content\/uploads\/2025\/03\/20240728_142326-700x700.jpg\" alt=\"\" class=\"wp-image-2042\" srcset=\"https:\/\/tcbwcalw.de\/wp-content\/uploads\/2025\/03\/20240728_142326-700x700.jpg 700w, https:\/\/tcbwcalw.de\/wp-content\/uploads\/2025\/03\/20240728_142326-300x300.jpg 300w, https:\/\/tcbwcalw.de\/wp-content\/uploads\/2025\/03\/20240728_142326-150x150.jpg 150w, https:\/\/tcbwcalw.de\/wp-content\/uploads\/2025\/03\/20240728_142326-768x768.jpg 768w, https:\/\/tcbwcalw.de\/wp-content\/uploads\/2025\/03\/20240728_142326-1536x1536.jpg 1536w, https:\/\/tcbwcalw.de\/wp-content\/uploads\/2025\/03\/20240728_142326-2048x2048.jpg 2048w, https:\/\/tcbwcalw.de\/wp-content\/uploads\/2025\/03\/20240728_142326-1140x1140.jpg 1140w, https:\/\/tcbwcalw.de\/wp-content\/uploads\/2025\/03\/20240728_142326-75x75.jpg 75w\" sizes=\"auto, (max-width: 700px) 100vw, 700px\" \/><\/figure>\n\n\n\n<figure class=\"wp-block-image size-large\"><img loading=\"lazy\" decoding=\"async\" width=\"700\" height=\"525\" data-id=\"2039\" src=\"https:\/\/tcbwcalw.de\/wp-content\/uploads\/2025\/03\/IMG-20240728-WA0006-700x525.jpg\" alt=\"\" class=\"wp-image-2039\" srcset=\"https:\/\/tcbwcalw.de\/wp-content\/uploads\/2025\/03\/IMG-20240728-WA0006-700x525.jpg 700w, https:\/\/tcbwcalw.de\/wp-content\/uploads\/2025\/03\/IMG-20240728-WA0006-300x225.jpg 300w, https:\/\/tcbwcalw.de\/wp-content\/uploads\/2025\/03\/IMG-20240728-WA0006-768x576.jpg 768w, https:\/\/tcbwcalw.de\/wp-content\/uploads\/2025\/03\/IMG-20240728-WA0006-1536x1152.jpg 1536w, https:\/\/tcbwcalw.de\/wp-content\/uploads\/2025\/03\/IMG-20240728-WA0006-2048x1536.jpg 2048w, https:\/\/tcbwcalw.de\/wp-content\/uploads\/2025\/03\/IMG-20240728-WA0006-1140x855.jpg 1140w\" sizes=\"auto, (max-width: 700px) 100vw, 700px\" \/><\/figure>\n<\/figure>\n\n\n\n<figure class=\"wp-block-gallery has-nested-images columns-default is-cropped wp-block-gallery-2 is-layout-flex wp-block-gallery-is-layout-flex\">\n<figure class=\"wp-block-image size-large\"><img loading=\"lazy\" decoding=\"async\" width=\"700\" height=\"525\" data-id=\"2037\" src=\"https:\/\/tcbwcalw.de\/wp-content\/uploads\/2025\/03\/Seite-32-1-700x525.jpg\" alt=\"\" class=\"wp-image-2037\" srcset=\"https:\/\/tcbwcalw.de\/wp-content\/uploads\/2025\/03\/Seite-32-1-700x525.jpg 700w, https:\/\/tcbwcalw.de\/wp-content\/uploads\/2025\/03\/Seite-32-1-300x225.jpg 300w, https:\/\/tcbwcalw.de\/wp-content\/uploads\/2025\/03\/Seite-32-1-768x576.jpg 768w, https:\/\/tcbwcalw.de\/wp-content\/uploads\/2025\/03\/Seite-32-1-1536x1152.jpg 1536w, https:\/\/tcbwcalw.de\/wp-content\/uploads\/2025\/03\/Seite-32-1-1140x855.jpg 1140w, https:\/\/tcbwcalw.de\/wp-content\/uploads\/2025\/03\/Seite-32-1.jpg 2048w\" sizes=\"auto, (max-width: 700px) 100vw, 700px\" \/><\/figure>\n\n\n\n<figure class=\"wp-block-image size-large\"><img loading=\"lazy\" decoding=\"async\" width=\"700\" height=\"525\" data-id=\"2036\" src=\"https:\/\/tcbwcalw.de\/wp-content\/uploads\/2025\/03\/Seite-32-2-700x525.jpg\" alt=\"\" class=\"wp-image-2036\" srcset=\"https:\/\/tcbwcalw.de\/wp-content\/uploads\/2025\/03\/Seite-32-2-700x525.jpg 700w, https:\/\/tcbwcalw.de\/wp-content\/uploads\/2025\/03\/Seite-32-2-300x225.jpg 300w, https:\/\/tcbwcalw.de\/wp-content\/uploads\/2025\/03\/Seite-32-2-768x576.jpg 768w, https:\/\/tcbwcalw.de\/wp-content\/uploads\/2025\/03\/Seite-32-2-1536x1152.jpg 1536w, https:\/\/tcbwcalw.de\/wp-content\/uploads\/2025\/03\/Seite-32-2-1140x855.jpg 1140w, https:\/\/tcbwcalw.de\/wp-content\/uploads\/2025\/03\/Seite-32-2.jpg 2048w\" sizes=\"auto, (max-width: 700px) 100vw, 700px\" \/><\/figure>\n\n\n\n<figure class=\"wp-block-image size-large\"><img loading=\"lazy\" decoding=\"async\" width=\"700\" height=\"525\" data-id=\"2038\" src=\"https:\/\/tcbwcalw.de\/wp-content\/uploads\/2025\/03\/Seite-37-a-700x525.jpg\" alt=\"\" class=\"wp-image-2038\" srcset=\"https:\/\/tcbwcalw.de\/wp-content\/uploads\/2025\/03\/Seite-37-a-700x525.jpg 700w, https:\/\/tcbwcalw.de\/wp-content\/uploads\/2025\/03\/Seite-37-a-300x225.jpg 300w, https:\/\/tcbwcalw.de\/wp-content\/uploads\/2025\/03\/Seite-37-a-768x576.jpg 768w, https:\/\/tcbwcalw.de\/wp-content\/uploads\/2025\/03\/Seite-37-a-1536x1152.jpg 1536w, https:\/\/tcbwcalw.de\/wp-content\/uploads\/2025\/03\/Seite-37-a-1140x855.jpg 1140w, https:\/\/tcbwcalw.de\/wp-content\/uploads\/2025\/03\/Seite-37-a.jpg 2048w\" sizes=\"auto, (max-width: 700px) 100vw, 700px\" \/><\/figure>\n<\/figure>\n\n\n\n<figure class=\"wp-block-gallery has-nested-images columns-default is-cropped wp-block-gallery-3 is-layout-flex wp-block-gallery-is-layout-flex\">\n<figure class=\"wp-block-image size-large\"><img loading=\"lazy\" decoding=\"async\" width=\"700\" height=\"1244\" data-id=\"2033\" src=\"https:\/\/tcbwcalw.de\/wp-content\/uploads\/2025\/03\/IMG-20240724-WA0026-700x1244.jpg\" alt=\"\" class=\"wp-image-2033\" srcset=\"https:\/\/tcbwcalw.de\/wp-content\/uploads\/2025\/03\/IMG-20240724-WA0026-700x1244.jpg 700w, https:\/\/tcbwcalw.de\/wp-content\/uploads\/2025\/03\/IMG-20240724-WA0026-169x300.jpg 169w, https:\/\/tcbwcalw.de\/wp-content\/uploads\/2025\/03\/IMG-20240724-WA0026-768x1365.jpg 768w, https:\/\/tcbwcalw.de\/wp-content\/uploads\/2025\/03\/IMG-20240724-WA0026-864x1536.jpg 864w, https:\/\/tcbwcalw.de\/wp-content\/uploads\/2025\/03\/IMG-20240724-WA0026.jpg 900w\" sizes=\"auto, (max-width: 700px) 100vw, 700px\" \/><\/figure>\n\n\n\n<figure class=\"wp-block-image size-large\"><img loading=\"lazy\" decoding=\"async\" width=\"700\" height=\"525\" data-id=\"2035\" src=\"https:\/\/tcbwcalw.de\/wp-content\/uploads\/2025\/03\/IMG-20240724-WA0032-700x525.jpg\" alt=\"\" class=\"wp-image-2035\" srcset=\"https:\/\/tcbwcalw.de\/wp-content\/uploads\/2025\/03\/IMG-20240724-WA0032-700x525.jpg 700w, https:\/\/tcbwcalw.de\/wp-content\/uploads\/2025\/03\/IMG-20240724-WA0032-300x225.jpg 300w, https:\/\/tcbwcalw.de\/wp-content\/uploads\/2025\/03\/IMG-20240724-WA0032-768x576.jpg 768w, https:\/\/tcbwcalw.de\/wp-content\/uploads\/2025\/03\/IMG-20240724-WA0032-1536x1152.jpg 1536w, https:\/\/tcbwcalw.de\/wp-content\/uploads\/2025\/03\/IMG-20240724-WA0032-1140x855.jpg 1140w, https:\/\/tcbwcalw.de\/wp-content\/uploads\/2025\/03\/IMG-20240724-WA0032.jpg 1600w\" sizes=\"auto, (max-width: 700px) 100vw, 700px\" \/><\/figure>\n\n\n\n<figure class=\"wp-block-image size-large\"><img loading=\"lazy\" decoding=\"async\" width=\"700\" height=\"1553\" data-id=\"2032\" src=\"https:\/\/tcbwcalw.de\/wp-content\/uploads\/2025\/03\/Seite-9-1-700x1553.jpg\" alt=\"\" class=\"wp-image-2032\" srcset=\"https:\/\/tcbwcalw.de\/wp-content\/uploads\/2025\/03\/Seite-9-1-700x1553.jpg 700w, https:\/\/tcbwcalw.de\/wp-content\/uploads\/2025\/03\/Seite-9-1-135x300.jpg 135w, https:\/\/tcbwcalw.de\/wp-content\/uploads\/2025\/03\/Seite-9-1-692x1536.jpg 692w, https:\/\/tcbwcalw.de\/wp-content\/uploads\/2025\/03\/Seite-9-1.jpg 721w\" sizes=\"auto, (max-width: 700px) 100vw, 700px\" \/><\/figure>\n\n\n\n<figure class=\"wp-block-image size-large\"><img loading=\"lazy\" decoding=\"async\" width=\"700\" height=\"525\" data-id=\"2034\" src=\"https:\/\/tcbwcalw.de\/wp-content\/uploads\/2025\/03\/IMG-20240724-WA0037-700x525.jpg\" alt=\"\" class=\"wp-image-2034\" srcset=\"https:\/\/tcbwcalw.de\/wp-content\/uploads\/2025\/03\/IMG-20240724-WA0037-700x525.jpg 700w, https:\/\/tcbwcalw.de\/wp-content\/uploads\/2025\/03\/IMG-20240724-WA0037-300x225.jpg 300w, https:\/\/tcbwcalw.de\/wp-content\/uploads\/2025\/03\/IMG-20240724-WA0037-768x576.jpg 768w, https:\/\/tcbwcalw.de\/wp-content\/uploads\/2025\/03\/IMG-20240724-WA0037-1536x1152.jpg 1536w, https:\/\/tcbwcalw.de\/wp-content\/uploads\/2025\/03\/IMG-20240724-WA0037-1140x855.jpg 1140w, https:\/\/tcbwcalw.de\/wp-content\/uploads\/2025\/03\/IMG-20240724-WA0037.jpg 1600w\" sizes=\"auto, (max-width: 700px) 100vw, 700px\" \/><\/figure>\n<\/figure>\n\n\n\n<figure class=\"wp-block-gallery has-nested-images columns-default is-cropped wp-block-gallery-4 is-layout-flex wp-block-gallery-is-layout-flex\">\n<figure class=\"wp-block-image size-large\"><img loading=\"lazy\" decoding=\"async\" width=\"700\" height=\"525\" data-id=\"2022\" src=\"https:\/\/tcbwcalw.de\/wp-content\/uploads\/2025\/03\/IMG-20240905-WA0011-700x525.jpg\" alt=\"\" class=\"wp-image-2022\" srcset=\"https:\/\/tcbwcalw.de\/wp-content\/uploads\/2025\/03\/IMG-20240905-WA0011-700x525.jpg 700w, https:\/\/tcbwcalw.de\/wp-content\/uploads\/2025\/03\/IMG-20240905-WA0011-300x225.jpg 300w, https:\/\/tcbwcalw.de\/wp-content\/uploads\/2025\/03\/IMG-20240905-WA0011-768x576.jpg 768w, https:\/\/tcbwcalw.de\/wp-content\/uploads\/2025\/03\/IMG-20240905-WA0011-1140x855.jpg 1140w, https:\/\/tcbwcalw.de\/wp-content\/uploads\/2025\/03\/IMG-20240905-WA0011.jpg 1280w\" sizes=\"auto, (max-width: 700px) 100vw, 700px\" \/><\/figure>\n\n\n\n<figure class=\"wp-block-image size-large\"><img loading=\"lazy\" decoding=\"async\" width=\"700\" height=\"525\" data-id=\"2024\" src=\"https:\/\/tcbwcalw.de\/wp-content\/uploads\/2025\/03\/IMG-20240906-WA0007-700x525.jpg\" alt=\"\" class=\"wp-image-2024\" srcset=\"https:\/\/tcbwcalw.de\/wp-content\/uploads\/2025\/03\/IMG-20240906-WA0007-700x525.jpg 700w, https:\/\/tcbwcalw.de\/wp-content\/uploads\/2025\/03\/IMG-20240906-WA0007-300x225.jpg 300w, https:\/\/tcbwcalw.de\/wp-content\/uploads\/2025\/03\/IMG-20240906-WA0007-768x576.jpg 768w, https:\/\/tcbwcalw.de\/wp-content\/uploads\/2025\/03\/IMG-20240906-WA0007-1536x1152.jpg 1536w, https:\/\/tcbwcalw.de\/wp-content\/uploads\/2025\/03\/IMG-20240906-WA0007-1140x855.jpg 1140w, https:\/\/tcbwcalw.de\/wp-content\/uploads\/2025\/03\/IMG-20240906-WA0007.jpg 2048w\" sizes=\"auto, (max-width: 700px) 100vw, 700px\" \/><\/figure>\n\n\n\n<figure class=\"wp-block-image size-large\"><img loading=\"lazy\" decoding=\"async\" width=\"700\" height=\"525\" data-id=\"2030\" src=\"https:\/\/tcbwcalw.de\/wp-content\/uploads\/2025\/03\/IMG-20240906-WA0009-700x525.jpg\" alt=\"\" class=\"wp-image-2030\" srcset=\"https:\/\/tcbwcalw.de\/wp-content\/uploads\/2025\/03\/IMG-20240906-WA0009-700x525.jpg 700w, https:\/\/tcbwcalw.de\/wp-content\/uploads\/2025\/03\/IMG-20240906-WA0009-300x225.jpg 300w, https:\/\/tcbwcalw.de\/wp-content\/uploads\/2025\/03\/IMG-20240906-WA0009-768x576.jpg 768w, https:\/\/tcbwcalw.de\/wp-content\/uploads\/2025\/03\/IMG-20240906-WA0009-1536x1152.jpg 1536w, https:\/\/tcbwcalw.de\/wp-content\/uploads\/2025\/03\/IMG-20240906-WA0009-1140x855.jpg 1140w, https:\/\/tcbwcalw.de\/wp-content\/uploads\/2025\/03\/IMG-20240906-WA0009.jpg 2048w\" sizes=\"auto, (max-width: 700px) 100vw, 700px\" \/><\/figure>\n\n\n\n<figure class=\"wp-block-image size-large\"><img loading=\"lazy\" decoding=\"async\" width=\"700\" height=\"525\" data-id=\"2029\" src=\"https:\/\/tcbwcalw.de\/wp-content\/uploads\/2025\/03\/IMG-20240906-WA0010-700x525.jpg\" alt=\"\" class=\"wp-image-2029\" srcset=\"https:\/\/tcbwcalw.de\/wp-content\/uploads\/2025\/03\/IMG-20240906-WA0010-700x525.jpg 700w, https:\/\/tcbwcalw.de\/wp-content\/uploads\/2025\/03\/IMG-20240906-WA0010-300x225.jpg 300w, https:\/\/tcbwcalw.de\/wp-content\/uploads\/2025\/03\/IMG-20240906-WA0010-768x576.jpg 768w, https:\/\/tcbwcalw.de\/wp-content\/uploads\/2025\/03\/IMG-20240906-WA0010-1536x1152.jpg 1536w, https:\/\/tcbwcalw.de\/wp-content\/uploads\/2025\/03\/IMG-20240906-WA0010-1140x855.jpg 1140w, https:\/\/tcbwcalw.de\/wp-content\/uploads\/2025\/03\/IMG-20240906-WA0010.jpg 2048w\" sizes=\"auto, (max-width: 700px) 100vw, 700px\" \/><\/figure>\n\n\n\n<figure class=\"wp-block-image size-large\"><img loading=\"lazy\" decoding=\"async\" width=\"700\" height=\"394\" data-id=\"2028\" src=\"https:\/\/tcbwcalw.de\/wp-content\/uploads\/2025\/03\/Seite-28-700x394.jpg\" alt=\"\" class=\"wp-image-2028\" srcset=\"https:\/\/tcbwcalw.de\/wp-content\/uploads\/2025\/03\/Seite-28-700x394.jpg 700w, https:\/\/tcbwcalw.de\/wp-content\/uploads\/2025\/03\/Seite-28-300x169.jpg 300w, https:\/\/tcbwcalw.de\/wp-content\/uploads\/2025\/03\/Seite-28-768x432.jpg 768w, https:\/\/tcbwcalw.de\/wp-content\/uploads\/2025\/03\/Seite-28-1536x864.jpg 1536w, https:\/\/tcbwcalw.de\/wp-content\/uploads\/2025\/03\/Seite-28-1140x642.jpg 1140w, https:\/\/tcbwcalw.de\/wp-content\/uploads\/2025\/03\/Seite-28.jpg 2040w\" sizes=\"auto, (max-width: 700px) 100vw, 700px\" \/><\/figure>\n<\/figure>\n\n\n\n<figure class=\"wp-block-gallery has-nested-images columns-2 is-cropped wp-block-gallery-5 is-layout-flex wp-block-gallery-is-layout-flex\"><\/figure>\n\n\n\n<hr class=\"wp-block-separator has-alpha-channel-opacity\"\/>\n\n\n\n<h2 class=\"wp-block-heading\"><\/h2>\n\n\n\n<p class=\"has-small-font-size\">Die Kids beim Staffeltraining mit Christoph<\/p>\n\n\n\n<p class=\"has-huge-font-size\"><\/p>\n","protected":false},"excerpt":{"rendered":"<p>Allgemeines zur Jugendarbeit Jugendarbeit nimmt beim TC Blau-Wei\u00df Calw wieder Fahrt auf!Gemeinsam mit unserem Chef-Trainer Goran und unserem Athletik- und Fitnesstrainer Ivan haben wir Rahmenbedingungen geschaffen, um den Kindern und Jugendlichen den Einstieg in den Tennissport so leicht wie m\u00f6glich zu machen und auch diejenigen zu f\u00f6rdern, die aktiv an der Verbandsrunde teilnehmen. Ebenso sollen talentierte Jugendliche an den Leistungssport herangef\u00fchrt werden. Unser ehrgeiziges Ziel ist es, m\u00f6glichst viele Kinder an den Tennissport heranzuf\u00fchren und sie sportlich als auch emotional an den Verein zu binden. Nat\u00fcrlich auch mit dem Ziel m\u00f6glichst viele interessierte Jugendliche zu uns nach Calw zu holen und mittelfristig wieder in allen Altersklassen Mannschaften in die Verbandsrunde schicken zu k\u00f6nnen.Wir verfolgen nat\u00fcrlich auch das Ziel, die Jugendlichen an die aktive Herren- und Damenmannschaften heranzuf\u00fchren&#8230; Hier geht es zu unseren Jugendmannschaften In den Ferien werden regelm\u00e4\u00dfig Tenniscamps und Intensivwochen angebeoten. Wir werden versuchen auch neben dem Platz f\u00fcr etwas Abwechslung zu sorgen. So werden wir Ausfl\u00fcge und\/oder Aktivit\u00e4ten auf unserer Anlage anbieten, bei denen neben dem Tennis vor allem der Spa\u00df im Vordergrund stehen soll. Clubmeisterschaften und andere interne Turniere finden j\u00e4hrlich stattfinden. Unser Verein hat ein eigenes F\u00f6rderkonzept f\u00fcr die Jugend entwickelt. Mehr dazu auf R\u00fcckfrage beim Jugendteam. Impressionen 2024 Die Kids beim Staffeltraining mit Christoph<\/p>\n","protected":false},"author":2,"featured_media":0,"parent":0,"menu_order":0,"comment_status":"closed","ping_status":"closed","template":"","meta":{"footnotes":""},"class_list":["post-190","page","type-page","status-publish","hentry"],"_links":{"self":[{"href":"https:\/\/tcbwcalw.de\/index.php?rest_route=\/wp\/v2\/pages\/190","targetHints":{"allow":["GET"]}}],"collection":[{"href":"https:\/\/tcbwcalw.de\/index.php?rest_route=\/wp\/v2\/pages"}],"about":[{"href":"https:\/\/tcbwcalw.de\/index.php?rest_route=\/wp\/v2\/types\/page"}],"author":[{"embeddable":true,"href":"https:\/\/tcbwcalw.de\/index.php?rest_route=\/wp\/v2\/users\/2"}],"replies":[{"embeddable":true,"href":"https:\/\/tcbwcalw.de\/index.php?rest_route=%2Fwp%2Fv2%2Fcomments&post=190"}],"version-history":[{"count":5,"href":"https:\/\/tcbwcalw.de\/index.php?rest_route=\/wp\/v2\/pages\/190\/revisions"}],"predecessor-version":[{"id":2045,"href":"https:\/\/tcbwcalw.de\/index.php?rest_route=\/wp\/v2\/pages\/190\/revisions\/2045"}],"wp:attachment":[{"href":"https:\/\/tcbwcalw.de\/index.php?rest_route=%2Fwp%2Fv2%2Fmedia&parent=190"}],"curies":[{"name":"wp","href":"https:\/\/api.w.org\/{rel}","templated":true}]}}