{"id":8,"date":"2020-05-14T08:02:56","date_gmt":"2020-05-14T06:02:56","guid":{"rendered":"http:\/\/a.tcbwcalw.de\/?page_id=8"},"modified":"2025-03-23T18:06:48","modified_gmt":"2025-03-23T17:06:48","slug":"vorstand","status":"publish","type":"page","link":"https:\/\/tcbwcalw.de\/?page_id=8","title":{"rendered":"Vorstand"},"content":{"rendered":"\n<h4 class=\"wp-block-heading\">1. Vorsitzende, Jugendteam &#8211; Martina Fischer <\/h4>\n\n\n\n<p class=\"has-text-align-left\">Marktplatz 21, 75365 Calw,  vorsitz@tcbwcalw.de  Tel.: 0171-5136993<\/p>\n\n\n\n<h4 class=\"wp-block-heading has-text-align-left\">2. Vorsitzender, Sportwart &#8211; Rainer P\u00fchl<\/h4>\n\n\n\n<p class=\"has-text-align-left\">Weidensteige 53, 75365 Calw,  rainerpuehl@gmx.de Tel.: 0160-7028140<\/p>\n\n\n\n<h4 class=\"wp-block-heading has-text-align-left\">2. Vorsitzender, Technikteam,Jugendteam &#8211; Christoph Wagner<\/h4>\n\n\n\n<p class=\"has-text-align-left\">In der Eiselst\u00e4tt 3, 75365 Calw,  christophwagner@gmx.eu  Tel.:0151-16402700<\/p>\n\n\n\n<h4 class=\"wp-block-heading has-text-align-left\">Kassierer &#8211; Marcus Herfurth<\/h4>\n\n\n\n<p class=\"has-text-align-left\">Riethstr. 6, 75382 Althengstett, marcus_herfurth@web.de  Tel.: 0172-1484748<\/p>\n\n\n\n<h4 class=\"wp-block-heading has-text-align-left\">Jugendteam &#8211; Tom Wagner<\/h4>\n\n\n\n<p class=\"has-text-align-left\">H\u00f6lderlinstr. 7, 75365Calw, tomwagner1983@yahoo.uk.com, Tel.: 0174 &#8211; 1941370<\/p>\n\n\n\n<h4 class=\"wp-block-heading has-text-align-left\">Pressewartin &#8211; Saskia H\u00f6fle<\/h4>\n\n\n\n<p class=\"has-text-align-left\">Finkenweg 15, 75365 Calw,  saskia@mania-pictures.de, Tel.: 0152 &#8211; 53470765<\/p>\n\n\n\n<h4 class=\"wp-block-heading has-text-align-left\">Schriftf\u00fchrerin &#8211; Katja Rivinius<\/h4>\n\n\n\n<p class=\"has-text-align-left\">Calwer Str. 22, 75387 Neubulach, katja220378@web.de  Tel:. 0160-90777778<\/p>\n\n\n\n<h4 class=\"wp-block-heading has-text-align-left\">Eventplanerin &#8211; Katja Beuckmann  <\/h4>\n\n\n\n<p>Uhlandstr. 10, 75385 Bad-Teinach -Zavelstein, andykatja@t-online.de  Tel.:0174-2188967<\/p>\n\n\n\n<h4 class=\"wp-block-heading has-text-align-left\">Hallenwart &#8211; Norman Beuerle       <\/h4>\n\n\n\n<p>Teufels\u00e4ckerweg 4, 75382 Althengstett, hallenwart@tcbwcalw.de Tel.: 0176-71248884<\/p>\n\n\n\n<h2 class=\"wp-block-heading has-small-font-size\"><\/h2>\n\n\n\n<figure class=\"wp-block-image size-large\"><img loading=\"lazy\" decoding=\"async\" width=\"700\" height=\"700\" src=\"https:\/\/tcbwcalw.de\/wp-content\/uploads\/2023\/03\/Seite-8-700x700.jpg\" alt=\"\" class=\"wp-image-1346\" srcset=\"https:\/\/tcbwcalw.de\/wp-content\/uploads\/2023\/03\/Seite-8-700x700.jpg 700w, https:\/\/tcbwcalw.de\/wp-content\/uploads\/2023\/03\/Seite-8-300x300.jpg 300w, https:\/\/tcbwcalw.de\/wp-content\/uploads\/2023\/03\/Seite-8-150x150.jpg 150w, https:\/\/tcbwcalw.de\/wp-content\/uploads\/2023\/03\/Seite-8-768x768.jpg 768w, https:\/\/tcbwcalw.de\/wp-content\/uploads\/2023\/03\/Seite-8-1536x1536.jpg 1536w, https:\/\/tcbwcalw.de\/wp-content\/uploads\/2023\/03\/Seite-8-2048x2048.jpg 2048w, https:\/\/tcbwcalw.de\/wp-content\/uploads\/2023\/03\/Seite-8-1140x1140.jpg 1140w, https:\/\/tcbwcalw.de\/wp-content\/uploads\/2023\/03\/Seite-8-75x75.jpg 75w\" sizes=\"auto, (max-width: 700px) 100vw, 700px\" \/><\/figure>\n","protected":false},"excerpt":{"rendered":"<p>1. Vorsitzende, Jugendteam &#8211; Martina Fischer Marktplatz 21, 75365 Calw, vorsitz@tcbwcalw.de Tel.: 0171-5136993 2. Vorsitzender, Sportwart &#8211; Rainer P\u00fchl Weidensteige 53, 75365 Calw, rainerpuehl@gmx.de Tel.: 0160-7028140 2. Vorsitzender, Technikteam,Jugendteam &#8211; Christoph Wagner In der Eiselst\u00e4tt 3, 75365 Calw, christophwagner@gmx.eu Tel.:0151-16402700 Kassierer &#8211; Marcus Herfurth Riethstr. 6, 75382 Althengstett, marcus_herfurth@web.de Tel.: 0172-1484748 Jugendteam &#8211; Tom Wagner H\u00f6lderlinstr. 7, 75365Calw, tomwagner1983@yahoo.uk.com, Tel.: 0174 &#8211; 1941370 Pressewartin &#8211; Saskia H\u00f6fle Finkenweg 15, 75365 Calw, saskia@mania-pictures.de, Tel.: 0152 &#8211; 53470765 Schriftf\u00fchrerin &#8211; Katja Rivinius Calwer Str. 22, 75387 Neubulach, katja220378@web.de Tel:. 0160-90777778 Eventplanerin &#8211; Katja Beuckmann Uhlandstr. 10, 75385 Bad-Teinach -Zavelstein, andykatja@t-online.de Tel.:0174-2188967 Hallenwart &#8211; Norman Beuerle Teufels\u00e4ckerweg 4, 75382 Althengstett, hallenwart@tcbwcalw.de Tel.: 0176-71248884<\/p>\n","protected":false},"author":1,"featured_media":0,"parent":0,"menu_order":0,"comment_status":"closed","ping_status":"closed","template":"","meta":{"footnotes":""},"class_list":["post-8","page","type-page","status-publish","hentry"],"_links":{"self":[{"href":"https:\/\/tcbwcalw.de\/index.php?rest_route=\/wp\/v2\/pages\/8","targetHints":{"allow":["GET"]}}],"collection":[{"href":"https:\/\/tcbwcalw.de\/index.php?rest_route=\/wp\/v2\/pages"}],"about":[{"href":"https:\/\/tcbwcalw.de\/index.php?rest_route=\/wp\/v2\/types\/page"}],"author":[{"embeddable":true,"href":"https:\/\/tcbwcalw.de\/index.php?rest_route=\/wp\/v2\/users\/1"}],"replies":[{"embeddable":true,"href":"https:\/\/tcbwcalw.de\/index.php?rest_route=%2Fwp%2Fv2%2Fcomments&post=8"}],"version-history":[{"count":5,"href":"https:\/\/tcbwcalw.de\/index.php?rest_route=\/wp\/v2\/pages\/8\/revisions"}],"predecessor-version":[{"id":2054,"href":"https:\/\/tcbwcalw.de\/index.php?rest_route=\/wp\/v2\/pages\/8\/revisions\/2054"}],"wp:attachment":[{"href":"https:\/\/tcbwcalw.de\/index.php?rest_route=%2Fwp%2Fv2%2Fmedia&parent=8"}],"curies":[{"name":"wp","href":"https:\/\/api.w.org\/{rel}","templated":true}]}}